{"id":2163,"date":"2025-12-15T10:14:21","date_gmt":"2025-12-15T10:14:21","guid":{"rendered":"https:\/\/belifehealthmassage.com\/massage-koh-samui\/"},"modified":"2025-12-15T18:13:44","modified_gmt":"2025-12-15T18:13:44","slug":"massage-koh-samui","status":"publish","type":"page","link":"http:\/\/belifehealthmassage.com\/de\/massage-koh-samui\/","title":{"rendered":"Massage Koh Samui"},"content":{"rendered":"\n<h1 class=\"wp-block-heading\"><strong>Massage Koh Samui: Ihr Leitfaden f\u00fcr das beste Massageerlebnis auf der Insel<\/strong><\/h1>\n\n<p>Koh Samui ist eines der beliebtesten Wellnessziele Thailands und zieht Besucher aus aller Welt an, die sich entspannen, neue Energie tanken und die authentische thail\u00e4ndische Gastfreundschaft genie\u00dfen m\u00f6chten. Bei so vielen verf\u00fcgbaren Optionen kann die Wahl der richtigen <strong>Massage in Koh Samui<\/strong> einen gro\u00dfen Unterschied f\u00fcr Ihr Gesamterlebnis machen. <\/p>\n\n<p>Von traditioneller Thai-Massage \u00fcber wohltuende \u00d6lbehandlungen bis hin zu entspannenden Paarsitzungen bietet Koh Samui f\u00fcr jeden etwas \u2013 egal, ob Sie einen Kurzurlaub machen oder l\u00e4nger auf der Insel bleiben.<\/p>\n\n<hr class=\"wp-block-separator has-alpha-channel-opacity\"\/>\n\n<hr class=\"wp-block-separator has-alpha-channel-opacity\"\/>\n\n<h2 class=\"wp-block-heading\"><strong>Massage Koh Samui bei Be Life Health Massage, Bophut<\/strong><\/h2>\n\n<p>Wenn Sie einen professionellen, freundlichen Ort f\u00fcr <strong>Massage in Koh Samui<\/strong> suchen, laden wir Sie ein, <strong>Be Life Health Massage<\/strong> in <strong>Bophut<\/strong>, in der N\u00e4he des Fischerdorfes, zu besuchen.<\/p>\n\n<p>Bei Be Life Health Massage bieten wir:<\/p>\n\n<ul class=\"wp-block-list\">\n<li><strong>Traditionelle Thai-Massage<\/strong>, die auf Ihr Wohlbefinden zugeschnitten ist<\/li>\n\n\n\n<li><strong>Kokos\u00f6l-Massage mit lokal gewonnenem Kokos\u00f6l<\/strong> von Koh Samui<\/li>\n\n\n\n<li><strong>Paarmassage<\/strong> in einer ruhigen, einladenden Umgebung<\/li>\n\n\n\n<li>Erfahrene, aufmerksame Therapeuten<\/li>\n\n\n\n<li>Saubere, friedliche Umgebung und ein ausgezeichnetes Preis-Leistungs-Verh\u00e4ltnis<\/li>\n<\/ul>\n\n<p>Unsere Lage in Bophut macht uns leicht erreichbar, egal ob Sie in der N\u00e4he wohnen oder abends das Fischerdorf besuchen.<\/p>\n\n<hr class=\"wp-block-separator has-alpha-channel-opacity\"\/>\n\n<h2 class=\"wp-block-heading\"><strong>Warum G\u00e4ste Be Life Health Massage w\u00e4hlen<\/strong><\/h2>\n\n<p>G\u00e4ste erw\u00e4hnen oft:<\/p>\n\n<ul class=\"wp-block-list\">\n<li>Freundlicher, professioneller Service<\/li>\n\n\n\n<li>Entspannende Atmosph\u00e4re<\/li>\n\n\n\n<li>Tolle Massagequalit\u00e4t f\u00fcr Einzelpersonen und Paare<\/li>\n\n\n\n<li>Eine g\u00fcnstige Lage in der N\u00e4he des Fischerdorfes<\/li>\n<\/ul>\n\n<p>Wir sind stolz darauf, authentische Thai-Massage-Erlebnisse mit einer pers\u00f6nlichen Note anzubieten.<\/p>\n\n<hr class=\"wp-block-separator has-alpha-channel-opacity\"\/>\n\n<h2 class=\"wp-block-heading\"><strong>Genie\u00dfen Sie das beste Massageerlebnis in Koh Samui<\/strong><\/h2>\n\n<p>Egal, ob Sie tiefe Muskelentspannung, sanfte Entspannung oder ein gemeinsames Erlebnis mit Ihrem Partner suchen, Koh Samui bietet eine gro\u00dfe Auswahl an Massageoptionen \u2013 und <strong>Be Life Health Massage<\/strong> ist hier, um Ihnen zu helfen, das Beste daraus zu machen.<\/p>\n\n<p>Nehmen Sie sich Zeit f\u00fcr sich selbst, h\u00f6ren Sie auf Ihren K\u00f6rper und erleben Sie, warum <strong>Massage in Koh Samui<\/strong> von Besuchern aus aller Welt geliebt wird.<\/p>\n\n<div class=\"wp-block-buttons is-content-justification-center is-layout-flex wp-container-core-buttons-is-layout-a89b3969 wp-block-buttons-is-layout-flex\">\n<div class=\"wp-block-button\"><a class=\"wp-block-button__link wp-element-button\" href=\"https:\/\/wa.me\/+66627240244\" target=\"_blank\" rel=\"noopener\">Jetzt buchen<\/a><\/div>\n<\/div>\n\n<figure class=\"wp-block-gallery has-nested-images columns-default is-cropped wp-block-gallery-1 is-layout-flex wp-block-gallery-is-layout-flex\">\n<figure class=\"wp-block-image size-large\"><img loading=\"lazy\" decoding=\"async\" width=\"1024\" height=\"768\" data-id=\"2089\" src=\"https:\/\/belifehealthmassage.com\/wp-content\/uploads\/2025\/12\/S__47202308_0-1024x768.jpg\" alt=\"\" class=\"wp-image-2089\" srcset=\"http:\/\/belifehealthmassage.com\/wp-content\/uploads\/2025\/12\/S__47202308_0-1024x768.jpg 1024w, http:\/\/belifehealthmassage.com\/wp-content\/uploads\/2025\/12\/S__47202308_0-300x225.jpg 300w, http:\/\/belifehealthmassage.com\/wp-content\/uploads\/2025\/12\/S__47202308_0-768x576.jpg 768w, http:\/\/belifehealthmassage.com\/wp-content\/uploads\/2025\/12\/S__47202308_0.jpg 1477w\" sizes=\"auto, (max-width: 1024px) 100vw, 1024px\" \/><\/figure>\n\n\n\n<figure class=\"wp-block-image size-large\"><img loading=\"lazy\" decoding=\"async\" width=\"1024\" height=\"768\" data-id=\"2088\" src=\"https:\/\/belifehealthmassage.com\/wp-content\/uploads\/2025\/12\/S__47202307_0-1024x768.jpg\" alt=\"\" class=\"wp-image-2088\" srcset=\"http:\/\/belifehealthmassage.com\/wp-content\/uploads\/2025\/12\/S__47202307_0-1024x768.jpg 1024w, http:\/\/belifehealthmassage.com\/wp-content\/uploads\/2025\/12\/S__47202307_0-300x225.jpg 300w, http:\/\/belifehealthmassage.com\/wp-content\/uploads\/2025\/12\/S__47202307_0-768x576.jpg 768w, http:\/\/belifehealthmassage.com\/wp-content\/uploads\/2025\/12\/S__47202307_0.jpg 1477w\" sizes=\"auto, (max-width: 1024px) 100vw, 1024px\" \/><\/figure>\n\n\n\n<figure class=\"wp-block-image size-large\"><img loading=\"lazy\" decoding=\"async\" width=\"1024\" height=\"768\" data-id=\"2087\" src=\"https:\/\/belifehealthmassage.com\/wp-content\/uploads\/2025\/12\/S__47194153_0-1024x768.jpg\" alt=\"\" class=\"wp-image-2087\" srcset=\"http:\/\/belifehealthmassage.com\/wp-content\/uploads\/2025\/12\/S__47194153_0-1024x768.jpg 1024w, http:\/\/belifehealthmassage.com\/wp-content\/uploads\/2025\/12\/S__47194153_0-300x225.jpg 300w, http:\/\/belifehealthmassage.com\/wp-content\/uploads\/2025\/12\/S__47194153_0-768x576.jpg 768w, http:\/\/belifehealthmassage.com\/wp-content\/uploads\/2025\/12\/S__47194153_0.jpg 1477w\" sizes=\"auto, (max-width: 1024px) 100vw, 1024px\" \/><\/figure>\n\n\n\n<figure class=\"wp-block-image size-large\"><img loading=\"lazy\" decoding=\"async\" width=\"1024\" height=\"768\" data-id=\"2086\" src=\"https:\/\/belifehealthmassage.com\/wp-content\/uploads\/2025\/12\/S__47194152_0-1024x768.jpg\" alt=\"\" class=\"wp-image-2086\" srcset=\"http:\/\/belifehealthmassage.com\/wp-content\/uploads\/2025\/12\/S__47194152_0-1024x768.jpg 1024w, http:\/\/belifehealthmassage.com\/wp-content\/uploads\/2025\/12\/S__47194152_0-300x225.jpg 300w, http:\/\/belifehealthmassage.com\/wp-content\/uploads\/2025\/12\/S__47194152_0-768x576.jpg 768w, http:\/\/belifehealthmassage.com\/wp-content\/uploads\/2025\/12\/S__47194152_0.jpg 1477w\" sizes=\"auto, (max-width: 1024px) 100vw, 1024px\" \/><\/figure>\n\n\n\n<figure class=\"wp-block-image size-large\"><img loading=\"lazy\" decoding=\"async\" width=\"1024\" height=\"768\" data-id=\"2085\" src=\"https:\/\/belifehealthmassage.com\/wp-content\/uploads\/2025\/12\/S__47194150_0-1024x768.jpg\" alt=\"\" class=\"wp-image-2085\" srcset=\"http:\/\/belifehealthmassage.com\/wp-content\/uploads\/2025\/12\/S__47194150_0-1024x768.jpg 1024w, http:\/\/belifehealthmassage.com\/wp-content\/uploads\/2025\/12\/S__47194150_0-300x225.jpg 300w, http:\/\/belifehealthmassage.com\/wp-content\/uploads\/2025\/12\/S__47194150_0-768x576.jpg 768w, http:\/\/belifehealthmassage.com\/wp-content\/uploads\/2025\/12\/S__47194150_0.jpg 1477w\" sizes=\"auto, (max-width: 1024px) 100vw, 1024px\" \/><\/figure>\n\n\n\n<figure class=\"wp-block-image size-large\"><img loading=\"lazy\" decoding=\"async\" width=\"768\" height=\"1024\" data-id=\"1911\" src=\"https:\/\/belifehealthmassage.com\/wp-content\/uploads\/2025\/07\/S__33603641_0-768x1024.jpg\" alt=\"\" class=\"wp-image-1911\" srcset=\"http:\/\/belifehealthmassage.com\/wp-content\/uploads\/2025\/07\/S__33603641_0-768x1024.jpg 768w, http:\/\/belifehealthmassage.com\/wp-content\/uploads\/2025\/07\/S__33603641_0-225x300.jpg 225w, http:\/\/belifehealthmassage.com\/wp-content\/uploads\/2025\/07\/S__33603641_0.jpg 1108w\" sizes=\"auto, (max-width: 768px) 100vw, 768px\" \/><\/figure>\n\n\n\n<figure class=\"wp-block-image size-large\"><img loading=\"lazy\" decoding=\"async\" width=\"1024\" height=\"768\" data-id=\"1913\" src=\"https:\/\/belifehealthmassage.com\/wp-content\/uploads\/2025\/07\/S__33603645_0-1024x768.jpg\" alt=\"\" class=\"wp-image-1913\" srcset=\"http:\/\/belifehealthmassage.com\/wp-content\/uploads\/2025\/07\/S__33603645_0-1024x768.jpg 1024w, http:\/\/belifehealthmassage.com\/wp-content\/uploads\/2025\/07\/S__33603645_0-300x225.jpg 300w, http:\/\/belifehealthmassage.com\/wp-content\/uploads\/2025\/07\/S__33603645_0-768x576.jpg 768w, http:\/\/belifehealthmassage.com\/wp-content\/uploads\/2025\/07\/S__33603645_0.jpg 1477w\" sizes=\"auto, (max-width: 1024px) 100vw, 1024px\" \/><\/figure>\n\n\n\n<figure class=\"wp-block-image size-large\"><img loading=\"lazy\" decoding=\"async\" width=\"1024\" height=\"768\" data-id=\"1838\" src=\"https:\/\/belifehealthmassage.com\/wp-content\/uploads\/2025\/06\/S__32145425-1024x768.jpg\" alt=\"\" class=\"wp-image-1838\" srcset=\"http:\/\/belifehealthmassage.com\/wp-content\/uploads\/2025\/06\/S__32145425-1024x768.jpg 1024w, http:\/\/belifehealthmassage.com\/wp-content\/uploads\/2025\/06\/S__32145425-300x225.jpg 300w, http:\/\/belifehealthmassage.com\/wp-content\/uploads\/2025\/06\/S__32145425-768x576.jpg 768w, http:\/\/belifehealthmassage.com\/wp-content\/uploads\/2025\/06\/S__32145425.jpg 1477w\" sizes=\"auto, (max-width: 1024px) 100vw, 1024px\" \/><\/figure>\n<\/figure>\n\n<h2 class=\"wp-block-heading\"><strong>Warum Massage in Koh Samui so beliebt ist<\/strong><\/h2>\n\n<p>Massage ist tief in der thail\u00e4ndischen Kultur und im Alltag verwurzelt. In Koh Samui wird diese Tradition durch die ruhige Atmosph\u00e4re der Insel, die erfahrenen Therapeuten und den Fokus auf das Wohlbefinden noch verst\u00e4rkt. <\/p>\n\n<p>Menschen w\u00e4hlen <strong>Massage in Koh Samui<\/strong>, um:<\/p>\n\n<ul class=\"wp-block-list\">\n<li>Sich nach Reisen oder langen Fl\u00fcgen zu entspannen<\/li>\n\n\n\n<li>Sich von Strandaktivit\u00e4ten oder Erkundungstouren auf der Insel zu erholen<\/li>\n\n\n\n<li>Muskelverspannungen und Stress abzubauen<\/li>\n\n\n\n<li>W\u00e4hrend ihres Urlaubs hochwertige Selbstpflege zu genie\u00dfen<\/li>\n<\/ul>\n\n<p>Massage ist hier nicht nur ein Luxus \u2013 sie ist ein wesentlicher Bestandteil des Insellebens.<\/p>\n\n<hr class=\"wp-block-separator has-alpha-channel-opacity\"\/>\n\n<h2 class=\"wp-block-heading\"><strong>Beliebte Massagearten in Koh Samui<\/strong><\/h2>\n\n<h3 class=\"wp-block-heading\"><strong>Traditionelle Thai-Massage<\/strong><\/h3>\n\n<p>Die Thai-Massage ist eine der bekanntesten Behandlungen in Thailand. Sie kombiniert Akupressur, sanfte Dehnungen und rhythmischen Druck, um die Flexibilit\u00e4t, die Durchblutung und den Energiefluss zu verbessern. <\/p>\n\n<p>Die Thai-Massage ist ideal, wenn Sie:<\/p>\n\n<ul class=\"wp-block-list\">\n<li>Muskelsteifheit oder -verspannungen haben<\/li>\n\n\n\n<li>Eine eher therapeutische Massage w\u00fcnschen<\/li>\n\n\n\n<li>Massage ohne \u00d6le bevorzugen<\/li>\n<\/ul>\n\n<hr class=\"wp-block-separator has-alpha-channel-opacity\"\/>\n\n<h3 class=\"wp-block-heading\"><strong>Kokos\u00f6l-Massage<\/strong><\/h3>\n\n<p>Eine beliebte Massage bei Besuchern ist die <strong>Kokos\u00f6l-Massage<\/strong>, die sich perfekt f\u00fcr tiefe Entspannung und Hautpflege eignet. Mit sanften, flie\u00dfenden Bewegungen hilft diese Massage, den Geist zu beruhigen und gleichzeitig die Haut mit Feuchtigkeit zu versorgen \u2013 besonders wohltuend nach Sonneneinstrahlung. <\/p>\n\n<p>Die Kokos\u00f6l-Massage ist ideal f\u00fcr:<\/p>\n\n<ul class=\"wp-block-list\">\n<li>Stressabbau<\/li>\n\n\n\n<li>Trockene oder sonnenexponierte Haut<\/li>\n\n\n\n<li>Sanfte Muskelentspannung<\/li>\n<\/ul>\n\n<hr class=\"wp-block-separator has-alpha-channel-opacity\"\/>\n\n<h3 class=\"wp-block-heading\"><strong>Paarmassage<\/strong><\/h3>\n\n<p>Eine <strong>Paarmassage in Koh Samui<\/strong> ist eine wunderbare M\u00f6glichkeit, sich zu entspannen und mit Ihrem Partner wieder in Kontakt zu treten. Paare genie\u00dfen Massagen Seite an Seite im selben Raum, was sie zu einer beliebten Wahl f\u00fcr Hochzeitsreisen, Jubil\u00e4en und romantische Urlaube macht. <\/p>\n\n<p>Jeder Partner kann seine bevorzugte Massageart und Druckst\u00e4rke w\u00e4hlen.<\/p>\n\n<hr class=\"wp-block-separator has-alpha-channel-opacity\"\/>\n\n<h2 class=\"wp-block-heading\"><strong>Die Wahl der richtigen Massage in Koh Samui<\/strong><\/h2>\n\n<p>Bei der Auswahl einer Massage in Koh Samui ist es wichtig, auf Folgendes zu achten:<\/p>\n\n<ul class=\"wp-block-list\">\n<li>Professionelle und erfahrene Therapeuten<\/li>\n\n\n\n<li>Saubere und komfortable Einrichtungen<\/li>\n\n\n\n<li>Klare Preisgestaltung und einfache Buchung<\/li>\n\n\n\n<li>Gute Bewertungen von fr\u00fcheren Kunden<\/li>\n<\/ul>\n\n<p>Eine hochwertige Massage sollte dazu f\u00fchren, dass Sie sich entspannt, erfrischt und gut betreut f\u00fchlen.<\/p>\n\n<div class=\"wp-block-buttons is-content-justification-center is-layout-flex wp-container-core-buttons-is-layout-a89b3969 wp-block-buttons-is-layout-flex\">\n<div class=\"wp-block-button\"><a class=\"wp-block-button__link wp-element-button\" href=\"https:\/\/wa.me\/+66627240244\" target=\"_blank\" rel=\"noopener\">Jetzt buchen<\/a><\/div>\n<\/div>\n\n<p><\/p>\n","protected":false},"excerpt":{"rendered":"<p>Massage Koh Samui: Ihr Leitfaden f\u00fcr das beste Massageerlebnis auf der Insel Koh Samui ist eines der beliebtesten Wellnessziele Thailands und zieht Besucher aus aller Welt an, die sich entspannen, neue Energie tanken und die authentische thail\u00e4ndische Gastfreundschaft genie\u00dfen m\u00f6chten. Bei so vielen verf\u00fcgbaren Optionen kann die Wahl der richtigen Massage in Koh Samui einen [&hellip;]<\/p>\n","protected":false},"author":1,"featured_media":0,"parent":0,"menu_order":0,"comment_status":"closed","ping_status":"closed","template":"","meta":{"_uag_custom_page_level_css":"","site-sidebar-layout":"default","site-content-layout":"","ast-site-content-layout":"default","site-content-style":"default","site-sidebar-style":"default","ast-global-header-display":"","ast-banner-title-visibility":"","ast-main-header-display":"","ast-hfb-above-header-display":"","ast-hfb-below-header-display":"","ast-hfb-mobile-header-display":"","site-post-title":"","ast-breadcrumbs-content":"","ast-featured-img":"","footer-sml-layout":"","ast-disable-related-posts":"","theme-transparent-header-meta":"","adv-header-id-meta":"","stick-header-meta":"","header-above-stick-meta":"","header-main-stick-meta":"","header-below-stick-meta":"","astra-migrate-meta-layouts":"default","ast-page-background-enabled":"default","ast-page-background-meta":{"desktop":{"background-color":"var(--ast-global-color-4)","background-image":"","background-repeat":"repeat","background-position":"center center","background-size":"auto","background-attachment":"scroll","background-type":"","background-media":"","overlay-type":"","overlay-color":"","overlay-opacity":"","overlay-gradient":""},"tablet":{"background-color":"","background-image":"","background-repeat":"repeat","background-position":"center center","background-size":"auto","background-attachment":"scroll","background-type":"","background-media":"","overlay-type":"","overlay-color":"","overlay-opacity":"","overlay-gradient":""},"mobile":{"background-color":"","background-image":"","background-repeat":"repeat","background-position":"center center","background-size":"auto","background-attachment":"scroll","background-type":"","background-media":"","overlay-type":"","overlay-color":"","overlay-opacity":"","overlay-gradient":""}},"ast-content-background-meta":{"desktop":{"background-color":"var(--ast-global-color-5)","background-image":"","background-repeat":"repeat","background-position":"center center","background-size":"auto","background-attachment":"scroll","background-type":"","background-media":"","overlay-type":"","overlay-color":"","overlay-opacity":"","overlay-gradient":""},"tablet":{"background-color":"var(--ast-global-color-5)","background-image":"","background-repeat":"repeat","background-position":"center center","background-size":"auto","background-attachment":"scroll","background-type":"","background-media":"","overlay-type":"","overlay-color":"","overlay-opacity":"","overlay-gradient":""},"mobile":{"background-color":"var(--ast-global-color-5)","background-image":"","background-repeat":"repeat","background-position":"center center","background-size":"auto","background-attachment":"scroll","background-type":"","background-media":"","overlay-type":"","overlay-color":"","overlay-opacity":"","overlay-gradient":""}},"footnotes":""},"class_list":["post-2163","page","type-page","status-publish","hentry"],"uagb_featured_image_src":{"full":false,"thumbnail":false,"medium":false,"medium_large":false,"large":false,"1536x1536":false,"2048x2048":false},"uagb_author_info":{"display_name":"admin","author_link":"http:\/\/belifehealthmassage.com\/de\/author\/admin\/"},"uagb_comment_info":0,"uagb_excerpt":"Massage Koh Samui: Ihr Leitfaden f\u00fcr das beste Massageerlebnis auf der Insel Koh Samui ist eines der beliebtesten Wellnessziele Thailands und zieht Besucher aus aller Welt an, die sich entspannen, neue Energie tanken und die authentische thail\u00e4ndische Gastfreundschaft genie\u00dfen m\u00f6chten. Bei so vielen verf\u00fcgbaren Optionen kann die Wahl der richtigen Massage in Koh Samui einen&hellip;","_links":{"self":[{"href":"http:\/\/belifehealthmassage.com\/de\/wp-json\/wp\/v2\/pages\/2163","targetHints":{"allow":["GET"]}}],"collection":[{"href":"http:\/\/belifehealthmassage.com\/de\/wp-json\/wp\/v2\/pages"}],"about":[{"href":"http:\/\/belifehealthmassage.com\/de\/wp-json\/wp\/v2\/types\/page"}],"author":[{"embeddable":true,"href":"http:\/\/belifehealthmassage.com\/de\/wp-json\/wp\/v2\/users\/1"}],"replies":[{"embeddable":true,"href":"http:\/\/belifehealthmassage.com\/de\/wp-json\/wp\/v2\/comments?post=2163"}],"version-history":[{"count":1,"href":"http:\/\/belifehealthmassage.com\/de\/wp-json\/wp\/v2\/pages\/2163\/revisions"}],"predecessor-version":[{"id":2164,"href":"http:\/\/belifehealthmassage.com\/de\/wp-json\/wp\/v2\/pages\/2163\/revisions\/2164"}],"wp:attachment":[{"href":"http:\/\/belifehealthmassage.com\/de\/wp-json\/wp\/v2\/media?parent=2163"}],"curies":[{"name":"wp","href":"https:\/\/api.w.org\/{rel}","templated":true}]}}