{"id":2419,"date":"2026-01-15T09:12:42","date_gmt":"2026-01-15T09:12:42","guid":{"rendered":"https:\/\/belifehealthmassage.com\/massage-a-lhuile-de-coco-a-koh-samui\/"},"modified":"2026-04-29T11:46:25","modified_gmt":"2026-04-29T11:46:25","slug":"massage-a-lhuile-de-coco-a-koh-samui","status":"publish","type":"page","link":"http:\/\/belifehealthmassage.com\/fr\/massage-a-lhuile-de-coco-a-koh-samui\/","title":{"rendered":"Massage \u00e0 l&rsquo;huile de coco \u00e0 Koh Samui"},"content":{"rendered":"\n<p>Massage \u00e0 l&rsquo;huile de coco bio \u00e0 Koh Samui chez Be Life Health Massage \u00e0 Bophut<\/p>\n\n<p><strong>Tarifs :<\/strong><\/p>\n\n<figure class=\"wp-block-table\"><table class=\"has-fixed-layout\"><tbody><tr><td>Massage \u00e0 l&rsquo;huile de coco 1 heure<\/td><td class=\"has-text-align-right\" data-align=\"right\">500 THB<\/td><\/tr><tr><td>Massage \u00e0 l&rsquo;huile de coco 90 minutes<\/td><td class=\"has-text-align-right\" data-align=\"right\">800 THB<\/td><\/tr><tr><td>Massage \u00e0 l&rsquo;huile de coco 2 heures<\/td><td class=\"has-text-align-right\" data-align=\"right\">1 000 THB<\/td><\/tr><\/tbody><\/table><\/figure>\n\n<div class=\"wp-block-buttons is-content-justification-center is-layout-flex wp-container-core-buttons-is-layout-a89b3969 wp-block-buttons-is-layout-flex\">\n<div class=\"wp-block-button\"><a class=\"wp-block-button__link wp-element-button\" href=\"https:\/\/wa.me\/+66627240244\" target=\"_blank\" rel=\"noopener\">R\u00e9server via WhatsApp<\/a><\/div>\n<\/div>\n\n<h3 class=\"wp-block-heading\">Massage \u00e0 l&rsquo;huile de <strong>coco chez Be Life Health Massage<\/strong><\/h3>\n\n<p>Nos th\u00e9rapeutes ajustent la pression selon ton confort, ce qui rend ce massage id\u00e9al pour une relaxation compl\u00e8te ou un soulagement musculaire en douceur. Le cadre paisible \u00e0 <strong>Bophut, pr\u00e8s de Fisherman&rsquo;s Village<\/strong>, te permet de te d\u00e9tendre facilement et de profiter d&rsquo;une pause tranquille pendant ton s\u00e9jour. <\/p>\n\n<hr class=\"wp-block-separator has-alpha-channel-opacity\"\/>\n\n<h3 class=\"wp-block-heading\"><strong>Huile de coco bio produite localement<\/strong><\/h3>\n\n<p>Chez Be Life Health Massage, nous utilisons de l&rsquo;<strong>huile de coco bio produite localement<\/strong>, fabriqu\u00e9e \u00e0 partir de noix de coco cultiv\u00e9es \u00e0 Koh Samui. L&rsquo;huile est produite localement selon des m\u00e9thodes traditionnelles, garantissant un produit pur et naturel parfaitement adapt\u00e9 au massage et aux soins de la peau. <\/p>\n\n<p>L&rsquo;utilisation d&rsquo;huile de coco locale nous permet de :<\/p>\n\n<ul class=\"wp-block-list\">\n<li>Soutenir les producteurs locaux<\/li>\n\n\n\n<li>Offrir un produit frais et naturel<\/li>\n\n\n\n<li>Proposer une exp\u00e9rience plus authentique de Koh Samui<\/li>\n<\/ul>\n\n<p>C&rsquo;est la m\u00eame huile de coco que de nombreux clients choisissent d&rsquo;acheter et d&#8217;emporter chez eux apr\u00e8s leur massage.<\/p>\n\n<hr class=\"wp-block-separator has-alpha-channel-opacity\"\/>\n\n<h2 class=\"wp-block-heading\"><strong>Bienfaits du massage \u00e0 l&rsquo;huile de coco<\/strong><\/h2>\n\n<p>Un massage \u00e0 l&rsquo;huile de coco offre de nombreux bienfaits, notamment :<\/p>\n\n<ul class=\"wp-block-list\">\n<li>Relaxation du corps et de l&rsquo;esprit<\/li>\n\n\n\n<li>Soulagement des tensions musculaires<\/li>\n\n\n\n<li>Am\u00e9lioration de la circulation<\/li>\n\n\n\n<li>Peau douce et hydrat\u00e9e<\/li>\n\n\n\n<li>Une exp\u00e9rience de massage apaisante et naturelle<\/li>\n<\/ul>\n\n<p>L&rsquo;huile de coco est particuli\u00e8rement appr\u00e9ci\u00e9e dans les climats tropicaux comme Koh Samui, o\u00f9 la peau peut devenir s\u00e8che \u00e0 cause de l&rsquo;exposition au soleil et \u00e0 la mer.<\/p>\n\n<hr class=\"wp-block-separator has-alpha-channel-opacity\"\/>\n\n<h3 class=\"wp-block-heading\"><strong>Massage \u00e0 l&rsquo;huile de coco \u00e0 Koh Samui<\/strong><\/h3>\n\n<p>Un massage \u00e0 l&rsquo;huile de coco est un soin doux et profond\u00e9ment relaxant qui nourrit \u00e0 la fois le corps et la peau. Chez <strong>Be Life Health Massage<\/strong>, notre massage \u00e0 l&rsquo;huile de coco combine des techniques de massage expertes avec de l&rsquo;<strong>huile de coco bio produite localement \u00e0 partir de noix de coco cultiv\u00e9es \u00e0 Koh Samui<\/strong>. <\/p>\n\n<p>Si tu cherches un <strong>massage \u00e0 l&rsquo;huile de coco \u00e0 Koh Samui<\/strong> naturel et apaisant, ce soin est parfait pour la relaxation, les soins de la peau et la r\u00e9duction du stress.<\/p>\n\n<hr class=\"wp-block-separator has-alpha-channel-opacity\"\/>\n\n<h4 class=\"wp-block-heading\"><strong>Qu&rsquo;est-ce qu&rsquo;un massage \u00e0 l&rsquo;huile de coco ?<\/strong><\/h4>\n\n<p>Le massage \u00e0 l&rsquo;huile de coco est un type de massage \u00e0 l&rsquo;huile qui utilise des mouvements fluides et doux ainsi qu&rsquo;une pression l\u00e9g\u00e8re pour d\u00e9tendre les muscles et apaiser le syst\u00e8me nerveux. L&rsquo;huile de coco est l\u00e9g\u00e8re, facilement absorb\u00e9e et convient \u00e0 la plupart des types de peau. <\/p>\n\n<p>Ce massage est id\u00e9al pour :<\/p>\n\n<ul class=\"wp-block-list\">\n<li>Une relaxation profonde<\/li>\n\n\n\n<li>Les peaux s\u00e8ches ou expos\u00e9es au soleil<\/li>\n\n\n\n<li>Un soulagement musculaire en douceur<\/li>\n\n\n\n<li>Les clients qui pr\u00e9f\u00e8rent un style de massage apaisant<\/li>\n<\/ul>\n\n<hr class=\"wp-block-separator has-alpha-channel-opacity\"\/>\n\n<div class=\"wp-block-buttons is-content-justification-center is-layout-flex wp-container-core-buttons-is-layout-a89b3969 wp-block-buttons-is-layout-flex\">\n<div class=\"wp-block-button\"><a class=\"wp-block-button__link wp-element-button\" href=\"https:\/\/wa.me\/+66627240244\" target=\"_blank\" rel=\"noopener\">R\u00e9server maintenant<\/a><\/div>\n<\/div>\n\n<figure class=\"wp-block-gallery has-nested-images columns-default is-cropped wp-block-gallery-1 is-layout-flex wp-block-gallery-is-layout-flex\">\n<figure class=\"wp-block-image size-large\"><img loading=\"lazy\" decoding=\"async\" width=\"1024\" height=\"768\" data-id=\"2087\" src=\"http:\/\/belifehealthmassage.com\/wp-content\/uploads\/2025\/12\/S__47194153_0-1024x768.jpg\" alt=\"\" class=\"wp-image-2087\" srcset=\"http:\/\/belifehealthmassage.com\/wp-content\/uploads\/2025\/12\/S__47194153_0-1024x768.jpg 1024w, http:\/\/belifehealthmassage.com\/wp-content\/uploads\/2025\/12\/S__47194153_0-300x225.jpg 300w, http:\/\/belifehealthmassage.com\/wp-content\/uploads\/2025\/12\/S__47194153_0-768x576.jpg 768w, http:\/\/belifehealthmassage.com\/wp-content\/uploads\/2025\/12\/S__47194153_0.jpg 1477w\" sizes=\"auto, (max-width: 1024px) 100vw, 1024px\" \/><figcaption class=\"wp-element-caption\">Tables de massage pour massage \u00e0 l&rsquo;huile de coco \u00e0 Koh Samui<\/figcaption><\/figure>\n\n\n\n<figure class=\"wp-block-image size-large\"><img loading=\"lazy\" decoding=\"async\" width=\"1024\" height=\"768\" data-id=\"2316\" src=\"http:\/\/belifehealthmassage.com\/wp-content\/uploads\/2026\/01\/S__49987611_0-1024x768.jpg\" alt=\"\" class=\"wp-image-2316\" srcset=\"http:\/\/belifehealthmassage.com\/wp-content\/uploads\/2026\/01\/S__49987611_0-1024x768.jpg 1024w, http:\/\/belifehealthmassage.com\/wp-content\/uploads\/2026\/01\/S__49987611_0-300x225.jpg 300w, http:\/\/belifehealthmassage.com\/wp-content\/uploads\/2026\/01\/S__49987611_0-768x576.jpg 768w, http:\/\/belifehealthmassage.com\/wp-content\/uploads\/2026\/01\/S__49987611_0.jpg 1477w\" sizes=\"auto, (max-width: 1024px) 100vw, 1024px\" \/><figcaption class=\"wp-element-caption\">Th\u00e9rapeutes qualifi\u00e9s pour massage \u00e0 l&rsquo;huile de coco<\/figcaption><\/figure>\n\n\n\n<figure class=\"wp-block-image size-large\"><img loading=\"lazy\" decoding=\"async\" width=\"768\" height=\"1024\" data-id=\"2227\" src=\"https:\/\/belifehealthmassage.com\/wp-content\/uploads\/2025\/12\/S__48660501_0-768x1024.jpg\" alt=\"\" class=\"wp-image-2227\" srcset=\"http:\/\/belifehealthmassage.com\/wp-content\/uploads\/2025\/12\/S__48660501_0-768x1024.jpg 768w, http:\/\/belifehealthmassage.com\/wp-content\/uploads\/2025\/12\/S__48660501_0-225x300.jpg 225w, http:\/\/belifehealthmassage.com\/wp-content\/uploads\/2025\/12\/S__48660501_0.jpg 1108w\" sizes=\"auto, (max-width: 768px) 100vw, 768px\" \/><figcaption class=\"wp-element-caption\">Huile de coco bio produite localement<\/figcaption><\/figure>\n<\/figure>\n\n<p><\/p>\n","protected":false},"excerpt":{"rendered":"<p>Massage \u00e0 l&rsquo;huile de coco bio \u00e0 Koh Samui chez Be Life Health Massage \u00e0 Bophut Tarifs : Massage \u00e0 l&rsquo;huile de coco 1 heure 500 THB Massage \u00e0 l&rsquo;huile de coco 90 minutes 800 THB Massage \u00e0 l&rsquo;huile de coco 2 heures 1 000 THB Massage \u00e0 l&rsquo;huile de coco chez Be Life Health [&hellip;]<\/p>\n","protected":false},"author":1,"featured_media":0,"parent":0,"menu_order":0,"comment_status":"closed","ping_status":"closed","template":"","meta":{"_uag_custom_page_level_css":"","site-sidebar-layout":"default","site-content-layout":"","ast-site-content-layout":"default","site-content-style":"default","site-sidebar-style":"default","ast-global-header-display":"","ast-banner-title-visibility":"","ast-main-header-display":"","ast-hfb-above-header-display":"","ast-hfb-below-header-display":"","ast-hfb-mobile-header-display":"","site-post-title":"","ast-breadcrumbs-content":"","ast-featured-img":"","footer-sml-layout":"","ast-disable-related-posts":"","theme-transparent-header-meta":"","adv-header-id-meta":"","stick-header-meta":"","header-above-stick-meta":"","header-main-stick-meta":"","header-below-stick-meta":"","astra-migrate-meta-layouts":"default","ast-page-background-enabled":"default","ast-page-background-meta":{"desktop":{"background-color":"var(--ast-global-color-4)","background-image":"","background-repeat":"repeat","background-position":"center center","background-size":"auto","background-attachment":"scroll","background-type":"","background-media":"","overlay-type":"","overlay-color":"","overlay-opacity":"","overlay-gradient":""},"tablet":{"background-color":"","background-image":"","background-repeat":"repeat","background-position":"center center","background-size":"auto","background-attachment":"scroll","background-type":"","background-media":"","overlay-type":"","overlay-color":"","overlay-opacity":"","overlay-gradient":""},"mobile":{"background-color":"","background-image":"","background-repeat":"repeat","background-position":"center center","background-size":"auto","background-attachment":"scroll","background-type":"","background-media":"","overlay-type":"","overlay-color":"","overlay-opacity":"","overlay-gradient":""}},"ast-content-background-meta":{"desktop":{"background-color":"var(--ast-global-color-5)","background-image":"","background-repeat":"repeat","background-position":"center center","background-size":"auto","background-attachment":"scroll","background-type":"","background-media":"","overlay-type":"","overlay-color":"","overlay-opacity":"","overlay-gradient":""},"tablet":{"background-color":"var(--ast-global-color-5)","background-image":"","background-repeat":"repeat","background-position":"center center","background-size":"auto","background-attachment":"scroll","background-type":"","background-media":"","overlay-type":"","overlay-color":"","overlay-opacity":"","overlay-gradient":""},"mobile":{"background-color":"var(--ast-global-color-5)","background-image":"","background-repeat":"repeat","background-position":"center center","background-size":"auto","background-attachment":"scroll","background-type":"","background-media":"","overlay-type":"","overlay-color":"","overlay-opacity":"","overlay-gradient":""}},"footnotes":""},"class_list":["post-2419","page","type-page","status-publish","hentry"],"uagb_featured_image_src":{"full":false,"thumbnail":false,"medium":false,"medium_large":false,"large":false,"1536x1536":false,"2048x2048":false},"uagb_author_info":{"display_name":"admin","author_link":"http:\/\/belifehealthmassage.com\/fr\/author\/admin\/"},"uagb_comment_info":0,"uagb_excerpt":"Massage \u00e0 l&rsquo;huile de coco bio \u00e0 Koh Samui chez Be Life Health Massage \u00e0 Bophut Tarifs : Massage \u00e0 l&rsquo;huile de coco 1 heure 500 THB Massage \u00e0 l&rsquo;huile de coco 90 minutes 800 THB Massage \u00e0 l&rsquo;huile de coco 2 heures 1 000 THB Massage \u00e0 l&rsquo;huile de coco chez Be Life Health\u2026","_links":{"self":[{"href":"http:\/\/belifehealthmassage.com\/fr\/wp-json\/wp\/v2\/pages\/2419","targetHints":{"allow":["GET"]}}],"collection":[{"href":"http:\/\/belifehealthmassage.com\/fr\/wp-json\/wp\/v2\/pages"}],"about":[{"href":"http:\/\/belifehealthmassage.com\/fr\/wp-json\/wp\/v2\/types\/page"}],"author":[{"embeddable":true,"href":"http:\/\/belifehealthmassage.com\/fr\/wp-json\/wp\/v2\/users\/1"}],"replies":[{"embeddable":true,"href":"http:\/\/belifehealthmassage.com\/fr\/wp-json\/wp\/v2\/comments?post=2419"}],"version-history":[{"count":1,"href":"http:\/\/belifehealthmassage.com\/fr\/wp-json\/wp\/v2\/pages\/2419\/revisions"}],"predecessor-version":[{"id":2420,"href":"http:\/\/belifehealthmassage.com\/fr\/wp-json\/wp\/v2\/pages\/2419\/revisions\/2420"}],"wp:attachment":[{"href":"http:\/\/belifehealthmassage.com\/fr\/wp-json\/wp\/v2\/media?parent=2419"}],"curies":[{"name":"wp","href":"https:\/\/api.w.org\/{rel}","templated":true}]}}