{"id":2551,"date":"2025-12-24T07:07:18","date_gmt":"2025-12-24T07:07:18","guid":{"rendered":"https:\/\/belifehealthmassage.com\/acheter-de-lhuile-de-coco-a-koh-samui\/"},"modified":"2026-04-29T11:57:14","modified_gmt":"2026-04-29T11:57:14","slug":"acheter-de-lhuile-de-coco-a-koh-samui","status":"publish","type":"page","link":"http:\/\/belifehealthmassage.com\/fr\/acheter-de-lhuile-de-coco-a-koh-samui\/","title":{"rendered":"Acheter de l\u2019huile de coco \u00e0 Koh Samui"},"content":{"rendered":"\n<div class=\"wp-block-uagb-advanced-heading uagb-block-028dbe86\"><h2 class=\"uagb-heading-text\">Acheter de l\u2019huile de coco \u00e0 Koh Samui &#8211; Pure, locale et naturellement nourrissante<\/h2><\/div>\n\n<p>Si tu cherches \u00e0 <strong>acheter de l\u2019huile de coco \u00e0 Koh Samui<\/strong>, tu es au bon endroit. Koh Samui est c\u00e9l\u00e8bre pour ses cocoteraies, et l\u2019huile de coco produite localement est l\u2019un des produits naturels les plus pr\u00e9cieux de l\u2019\u00eele \u2014 appr\u00e9ci\u00e9e pour ses bienfaits pour la peau, les cheveux et le bien-\u00eatre. <\/p>\n\n<p>Chez <strong>Be Life Health Massage<\/strong>, nous sommes fiers de proposer de <strong>l\u2019huile de coco produite localement \u00e0 partir de noix de coco biologiques cultiv\u00e9es exclusivement \u00e0 Koh Samui<\/strong>, en utilisant une m\u00e9thode traditionnelle de pression \u00e0 chaud pour garantir puret\u00e9, qualit\u00e9 et efficacit\u00e9.<\/p>\n\n<hr class=\"wp-block-separator has-alpha-channel-opacity\"\/>\n\n<div class=\"wp-block-buttons is-content-justification-center is-layout-flex wp-container-core-buttons-is-layout-a89b3969 wp-block-buttons-is-layout-flex\">\n<div class=\"wp-block-button\"><a class=\"wp-block-button__link wp-element-button\" href=\"https:\/\/wa.me\/+66627240244\" target=\"_blank\" rel=\"noopener\">Contacte-nous pour acheter<\/a><\/div>\n<\/div>\n\n<h2 class=\"wp-block-heading\"><strong>Comment notre huile de coco press\u00e9e \u00e0 chaud est produite<\/strong><\/h2>\n\n<p>Notre huile de coco est fabriqu\u00e9e selon la <strong>m\u00e9thode de pression \u00e0 chaud<\/strong>, un moyen traditionnel et fiable d\u2019extraire l\u2019huile de la chair de coco fra\u00eeche.<\/p>\n\n<h3 class=\"wp-block-heading\"><strong>Huile de coco press\u00e9e \u00e0 chaud \u2013 \u00c9tape par \u00e9tape<\/strong><\/h3>\n\n<ol class=\"wp-block-list\">\n<li>Des <strong>noix de coco biologiques fra\u00eeches<\/strong> cultiv\u00e9es \u00e0 Koh Samui sont soigneusement s\u00e9lectionn\u00e9es<\/li>\n\n\n\n<li>La chair de coco est r\u00e2p\u00e9e et chauff\u00e9e doucement<\/li>\n\n\n\n<li>La chaleur s\u00e9pare naturellement l\u2019huile du lait de coco<\/li>\n\n\n\n<li>L\u2019huile est filtr\u00e9e pour \u00e9liminer les impuret\u00e9s<\/li>\n\n\n\n<li>Le r\u00e9sultat est une <strong>huile de coco pure, stable et de haute qualit\u00e9<\/strong><\/li>\n<\/ol>\n\n<p>Ce processus produit une huile de coco <strong>id\u00e9ale pour le massage et les soins de la peau<\/strong>, avec une excellente absorption et une longue dur\u00e9e de conservation.<\/p>\n\n<hr class=\"wp-block-separator has-alpha-channel-opacity\"\/>\n\n<figure class=\"wp-block-gallery has-nested-images columns-default is-cropped wp-block-gallery-1 is-layout-flex wp-block-gallery-is-layout-flex\">\n<figure class=\"wp-block-image size-large\"><img loading=\"lazy\" decoding=\"async\" width=\"768\" height=\"1024\" data-id=\"2226\" src=\"https:\/\/belifehealthmassage.com\/wp-content\/uploads\/2025\/12\/S__48660493_0-768x1024.jpg\" alt=\"\" class=\"wp-image-2226\" srcset=\"http:\/\/belifehealthmassage.com\/wp-content\/uploads\/2025\/12\/S__48660493_0-768x1024.jpg 768w, http:\/\/belifehealthmassage.com\/wp-content\/uploads\/2025\/12\/S__48660493_0-225x300.jpg 225w, http:\/\/belifehealthmassage.com\/wp-content\/uploads\/2025\/12\/S__48660493_0.jpg 1108w\" sizes=\"auto, (max-width: 768px) 100vw, 768px\" \/><\/figure>\n\n\n\n<figure class=\"wp-block-image size-large\"><img loading=\"lazy\" decoding=\"async\" width=\"768\" height=\"1024\" data-id=\"2223\" src=\"http:\/\/belifehealthmassage.com\/wp-content\/uploads\/2025\/12\/S__48807946-1-768x1024.jpg\" alt=\"\" class=\"wp-image-2223\" srcset=\"http:\/\/belifehealthmassage.com\/wp-content\/uploads\/2025\/12\/S__48807946-1-768x1024.jpg 768w, http:\/\/belifehealthmassage.com\/wp-content\/uploads\/2025\/12\/S__48807946-1-225x300.jpg 225w, http:\/\/belifehealthmassage.com\/wp-content\/uploads\/2025\/12\/S__48807946-1.jpg 1108w\" sizes=\"auto, (max-width: 768px) 100vw, 768px\" \/><\/figure>\n\n\n\n<figure class=\"wp-block-image size-large\"><img loading=\"lazy\" decoding=\"async\" width=\"1024\" height=\"1024\" data-id=\"2225\" src=\"https:\/\/belifehealthmassage.com\/wp-content\/uploads\/2025\/12\/183774_0-1024x1024.jpg\" alt=\"\" class=\"wp-image-2225\" srcset=\"http:\/\/belifehealthmassage.com\/wp-content\/uploads\/2025\/12\/183774_0-1024x1024.jpg 1024w, http:\/\/belifehealthmassage.com\/wp-content\/uploads\/2025\/12\/183774_0-300x300.jpg 300w, http:\/\/belifehealthmassage.com\/wp-content\/uploads\/2025\/12\/183774_0-150x150.jpg 150w, http:\/\/belifehealthmassage.com\/wp-content\/uploads\/2025\/12\/183774_0-768x768.jpg 768w, http:\/\/belifehealthmassage.com\/wp-content\/uploads\/2025\/12\/183774_0.jpg 1440w\" sizes=\"auto, (max-width: 1024px) 100vw, 1024px\" \/><\/figure>\n\n\n\n<figure class=\"wp-block-image size-large\"><img loading=\"lazy\" decoding=\"async\" width=\"768\" height=\"1024\" data-id=\"2227\" src=\"https:\/\/belifehealthmassage.com\/wp-content\/uploads\/2025\/12\/S__48660501_0-768x1024.jpg\" alt=\"\" class=\"wp-image-2227\" srcset=\"http:\/\/belifehealthmassage.com\/wp-content\/uploads\/2025\/12\/S__48660501_0-768x1024.jpg 768w, http:\/\/belifehealthmassage.com\/wp-content\/uploads\/2025\/12\/S__48660501_0-225x300.jpg 225w, http:\/\/belifehealthmassage.com\/wp-content\/uploads\/2025\/12\/S__48660501_0.jpg 1108w\" sizes=\"auto, (max-width: 768px) 100vw, 768px\" \/><\/figure>\n\n\n\n<figure class=\"wp-block-image size-large\"><img loading=\"lazy\" decoding=\"async\" width=\"768\" height=\"1024\" data-id=\"2228\" src=\"https:\/\/belifehealthmassage.com\/wp-content\/uploads\/2025\/12\/S__48807944_0-768x1024.jpg\" alt=\"\" class=\"wp-image-2228\" srcset=\"http:\/\/belifehealthmassage.com\/wp-content\/uploads\/2025\/12\/S__48807944_0-768x1024.jpg 768w, http:\/\/belifehealthmassage.com\/wp-content\/uploads\/2025\/12\/S__48807944_0-225x300.jpg 225w, http:\/\/belifehealthmassage.com\/wp-content\/uploads\/2025\/12\/S__48807944_0.jpg 1108w\" sizes=\"auto, (max-width: 768px) 100vw, 768px\" \/><\/figure>\n<\/figure>\n\n<h2 class=\"wp-block-heading\"><strong>Pourquoi acheter de l\u2019huile de coco \u00e0 Koh Samui ?<\/strong><\/h2>\n\n<p>L\u2019huile de coco de Koh Samui est largement consid\u00e9r\u00e9e comme l\u2019une des meilleures de Tha\u00eflande. Le sol, le climat et les m\u00e9thodes de culture traditionnelles de l\u2019\u00eele produisent des noix de coco <strong>riches en acide laurique<\/strong>, l\u2019un des acides gras naturels les plus b\u00e9n\u00e9fiques pour la peau et la sant\u00e9 en g\u00e9n\u00e9ral. <\/p>\n\n<p>Quand tu ach\u00e8tes de l\u2019huile de coco \u00e0 Koh Samui, tu choisis :<\/p>\n\n<ul class=\"wp-block-list\">\n<li>Un <strong>produit naturel et sans produits chimiques<\/strong><\/li>\n\n\n\n<li>Une huile cultiv\u00e9e et produite localement<\/li>\n\n\n\n<li>Une huile polyvalente adapt\u00e9e au massage, aux soins de la peau et \u00e0 un usage quotidien<\/li>\n<\/ul>\n\n<h2 class=\"wp-block-heading\"><strong>Pourquoi l\u2019acide laurique est important pour ta peau<\/strong><\/h2>\n\n<p>Les noix de coco cultiv\u00e9es \u00e0 Koh Samui contiennent naturellement des <strong>niveaux plus \u00e9lev\u00e9s d\u2019acide laurique<\/strong>, ce qui rend cette huile particuli\u00e8rement b\u00e9n\u00e9fique.<\/p>\n\n<h3 class=\"wp-block-heading\"><strong>Bienfaits de l\u2019acide laurique<\/strong><\/h3>\n\n<ul class=\"wp-block-list\">\n<li>Aide \u00e0 prot\u00e9ger et \u00e0 nourrir la peau<\/li>\n\n\n\n<li>Naturellement antibact\u00e9rien et antimicrobien<\/li>\n\n\n\n<li>Favorise la r\u00e9paration de la barri\u00e8re cutan\u00e9e<\/li>\n\n\n\n<li>Apaise la peau s\u00e8che, irrit\u00e9e ou expos\u00e9e au soleil<\/li>\n<\/ul>\n\n<p>Cela rend notre huile de coco parfaite pour :<\/p>\n\n<ul class=\"wp-block-list\">\n<li>La massoth\u00e9rapie<\/li>\n\n\n\n<li>L\u2019hydratation quotidienne de la peau<\/li>\n\n\n\n<li>Les soins apr\u00e8s-soleil<\/li>\n\n\n\n<li>La peau sensible ou s\u00e8che<\/li>\n<\/ul>\n\n<hr class=\"wp-block-separator has-alpha-channel-opacity\"\/>\n\n<h2 class=\"wp-block-heading\"><strong>Huile de coco fra\u00eeche de l\u2019\u00eele, produite localement<\/strong><\/h2>\n\n<p>Notre huile de coco est <strong>produite localement \u00e0 Koh Samui<\/strong>, soutenant ainsi les agriculteurs et les petits producteurs locaux. En choisissant une huile de coco fabriqu\u00e9e localement, tu obtiens non seulement un produit plus frais, mais tu soutiens \u00e9galement les moyens de subsistance durables de l\u2019\u00eele. <\/p>\n\n<p>C\u2019est la m\u00eame huile de coco de haute qualit\u00e9 que nous utilisons pour notre <strong>Massage \u00e0 l\u2019huile de coco<\/strong> chez Be Life Health Massage.<\/p>\n\n<hr class=\"wp-block-separator has-alpha-channel-opacity\"\/>\n\n<h2 class=\"wp-block-heading\"><strong>Acheter de l\u2019huile de coco chez Be Life Health Massage<\/strong><\/h2>\n\n<p>Tu peux <strong>acheter de l\u2019huile de coco \u00e0 Koh Samui directement chez Be Life Health Massage<\/strong>.<\/p>\n\n<h3 class=\"wp-block-heading\"><strong>Tarifs<\/strong><\/h3>\n\n<ul class=\"wp-block-list\">\n<li><strong>Flacon de 120 ml : 150 THB<\/strong><\/li>\n\n\n\n<li><strong>Formats plus grands disponibles<\/strong> \u2014 n\u2019h\u00e9site pas \u00e0 nous demander<\/li>\n<\/ul>\n\n<p>De nombreux clients qui appr\u00e9cient notre massage \u00e0 l\u2019huile de coco choisissent d\u2019emporter un flacon chez eux comme souvenir naturel de Koh Samui.<\/p>\n\n<p><\/p>\n\n<h2 class=\"wp-block-heading\"><strong>Parfaite pour le massage, la peau et l\u2019usage quotidien<\/strong><\/h2>\n\n<p>Notre huile de coco produite localement est :<\/p>\n\n<ul class=\"wp-block-list\">\n<li>100 % naturelle<\/li>\n\n\n\n<li>Fabriqu\u00e9e \u00e0 partir de noix de coco biologiques cultiv\u00e9es uniquement \u00e0 Koh Samui<\/li>\n\n\n\n<li>Riche en acide laurique<\/li>\n\n\n\n<li>Adapt\u00e9e au massage, aux soins de la peau et \u00e0 l\u2019hydratation quotidienne<\/li>\n<\/ul>\n\n<p>Que tu sois de passage \u00e0 Koh Samui ou que tu vives sur l\u2019\u00eele, c\u2019est un produit naturel en lequel tu peux avoir confiance.<\/p>\n\n<hr class=\"wp-block-separator has-alpha-channel-opacity\"\/>\n\n<h2 class=\"wp-block-heading\"><strong>Acheter de l\u2019huile de coco \u00e0 Koh Samui &#8211; Rends-nous visite aujourd\u2019hui<\/strong><\/h2>\n\n<p>Si tu cherches <strong>o\u00f9 acheter de l\u2019huile de coco \u00e0 Koh Samui<\/strong>, arr\u00eate-toi chez Be Life Health Massage \u00e0 Bophut, pr\u00e8s de Fisherman\u2019s Village. D\u00e9couvre la qualit\u00e9 par toi-m\u00eame \u2014 et emporte avec toi un morceau de la tradition de bien-\u00eatre naturel de Koh Samui. <\/p>\n\n<div class=\"wp-block-buttons is-content-justification-center is-layout-flex wp-container-core-buttons-is-layout-a89b3969 wp-block-buttons-is-layout-flex\">\n<div class=\"wp-block-button\"><a class=\"wp-block-button__link wp-element-button\" href=\"https:\/\/wa.me\/+66627240244\" target=\"_blank\" rel=\"noopener\">Contacte-nous pour acheter<\/a><\/div>\n<\/div>\n\n<p><\/p>\n","protected":false},"excerpt":{"rendered":"<p>Acheter de l\u2019huile de coco \u00e0 Koh Samui &#8211; Pure, locale et naturellement nourrissante Si tu cherches \u00e0 acheter de l\u2019huile de coco \u00e0 Koh Samui, tu es au bon endroit. Koh Samui est c\u00e9l\u00e8bre pour ses cocoteraies, et l\u2019huile de coco produite localement est l\u2019un des produits naturels les plus pr\u00e9cieux de l\u2019\u00eele \u2014 [&hellip;]<\/p>\n","protected":false},"author":1,"featured_media":0,"parent":0,"menu_order":0,"comment_status":"closed","ping_status":"closed","template":"","meta":{"_uag_custom_page_level_css":"","site-sidebar-layout":"default","site-content-layout":"","ast-site-content-layout":"default","site-content-style":"default","site-sidebar-style":"default","ast-global-header-display":"","ast-banner-title-visibility":"","ast-main-header-display":"","ast-hfb-above-header-display":"","ast-hfb-below-header-display":"","ast-hfb-mobile-header-display":"","site-post-title":"","ast-breadcrumbs-content":"","ast-featured-img":"","footer-sml-layout":"","ast-disable-related-posts":"","theme-transparent-header-meta":"","adv-header-id-meta":"","stick-header-meta":"","header-above-stick-meta":"","header-main-stick-meta":"","header-below-stick-meta":"","astra-migrate-meta-layouts":"default","ast-page-background-enabled":"default","ast-page-background-meta":{"desktop":{"background-color":"var(--ast-global-color-4)","background-image":"","background-repeat":"repeat","background-position":"center center","background-size":"auto","background-attachment":"scroll","background-type":"","background-media":"","overlay-type":"","overlay-color":"","overlay-opacity":"","overlay-gradient":""},"tablet":{"background-color":"","background-image":"","background-repeat":"repeat","background-position":"center center","background-size":"auto","background-attachment":"scroll","background-type":"","background-media":"","overlay-type":"","overlay-color":"","overlay-opacity":"","overlay-gradient":""},"mobile":{"background-color":"","background-image":"","background-repeat":"repeat","background-position":"center center","background-size":"auto","background-attachment":"scroll","background-type":"","background-media":"","overlay-type":"","overlay-color":"","overlay-opacity":"","overlay-gradient":""}},"ast-content-background-meta":{"desktop":{"background-color":"var(--ast-global-color-5)","background-image":"","background-repeat":"repeat","background-position":"center center","background-size":"auto","background-attachment":"scroll","background-type":"","background-media":"","overlay-type":"","overlay-color":"","overlay-opacity":"","overlay-gradient":""},"tablet":{"background-color":"var(--ast-global-color-5)","background-image":"","background-repeat":"repeat","background-position":"center center","background-size":"auto","background-attachment":"scroll","background-type":"","background-media":"","overlay-type":"","overlay-color":"","overlay-opacity":"","overlay-gradient":""},"mobile":{"background-color":"var(--ast-global-color-5)","background-image":"","background-repeat":"repeat","background-position":"center center","background-size":"auto","background-attachment":"scroll","background-type":"","background-media":"","overlay-type":"","overlay-color":"","overlay-opacity":"","overlay-gradient":""}},"footnotes":""},"class_list":["post-2551","page","type-page","status-publish","hentry"],"uagb_featured_image_src":{"full":false,"thumbnail":false,"medium":false,"medium_large":false,"large":false,"1536x1536":false,"2048x2048":false},"uagb_author_info":{"display_name":"admin","author_link":"http:\/\/belifehealthmassage.com\/fr\/author\/admin\/"},"uagb_comment_info":0,"uagb_excerpt":"Acheter de l\u2019huile de coco \u00e0 Koh Samui &#8211; Pure, locale et naturellement nourrissante Si tu cherches \u00e0 acheter de l\u2019huile de coco \u00e0 Koh Samui, tu es au bon endroit. Koh Samui est c\u00e9l\u00e8bre pour ses cocoteraies, et l\u2019huile de coco produite localement est l\u2019un des produits naturels les plus pr\u00e9cieux de l\u2019\u00eele \u2014\u2026","_links":{"self":[{"href":"http:\/\/belifehealthmassage.com\/fr\/wp-json\/wp\/v2\/pages\/2551","targetHints":{"allow":["GET"]}}],"collection":[{"href":"http:\/\/belifehealthmassage.com\/fr\/wp-json\/wp\/v2\/pages"}],"about":[{"href":"http:\/\/belifehealthmassage.com\/fr\/wp-json\/wp\/v2\/types\/page"}],"author":[{"embeddable":true,"href":"http:\/\/belifehealthmassage.com\/fr\/wp-json\/wp\/v2\/users\/1"}],"replies":[{"embeddable":true,"href":"http:\/\/belifehealthmassage.com\/fr\/wp-json\/wp\/v2\/comments?post=2551"}],"version-history":[{"count":1,"href":"http:\/\/belifehealthmassage.com\/fr\/wp-json\/wp\/v2\/pages\/2551\/revisions"}],"predecessor-version":[{"id":2554,"href":"http:\/\/belifehealthmassage.com\/fr\/wp-json\/wp\/v2\/pages\/2551\/revisions\/2554"}],"wp:attachment":[{"href":"http:\/\/belifehealthmassage.com\/fr\/wp-json\/wp\/v2\/media?parent=2551"}],"curies":[{"name":"wp","href":"https:\/\/api.w.org\/{rel}","templated":true}]}}