{"id":2171,"date":"2025-12-15T04:44:19","date_gmt":"2025-12-15T04:44:19","guid":{"rendered":"https:\/\/belifehealthmassage.com\/warum-sie-sich-fuer-be-life-health-massage-in-bophut-koh-samui-entscheiden-sollten\/"},"modified":"2025-12-15T18:14:51","modified_gmt":"2025-12-15T18:14:51","slug":"warum-sie-sich-fuer-be-life-health-massage-in-bophut-koh-samui-entscheiden-sollten","status":"publish","type":"page","link":"https:\/\/belifehealthmassage.com\/de\/warum-sie-sich-fuer-be-life-health-massage-in-bophut-koh-samui-entscheiden-sollten\/","title":{"rendered":"Warum Sie sich f\u00fcr Be Life Health Massage in Bophut, Koh Samui, entscheiden sollten"},"content":{"rendered":"\n<h3 class=\"wp-block-heading\">Erleben Sie herrliche Entspannung im Herzen von Bophut<\/h3>\n\n<p>Wir von <strong>Be Life Health Massage<\/strong> sind davon \u00fcberzeugt, dass jede Massage mehr als nur eine Dienstleistung sein sollte \u2013 sie sollte eine verj\u00fcngende Erfahrung sein, die K\u00f6rper und Geist erneuert. Unser neu er\u00f6ffnetes Massagestudio liegt nur wenige Gehminuten vom Fisherman&#8217;s Village im lebhaften <strong>Bophut, Koh Samui<\/strong> entfernt und bietet einen ruhigen R\u00fcckzugsort, der sich ideal f\u00fcr Urlaubsentspannung und tiefe Muskelentspannung eignet. <\/p>\n\n<p>Ob Sie Koh Samuis wundersch\u00f6ne Str\u00e4nde erkunden, sich nach einem langen Flug entspannen oder einfach nur eine wohlverdiente Selbstpflege ben\u00f6tigen, Be Life Health Massage ist Ihr ideales Ziel f\u00fcr authentisches thail\u00e4ndisches Wohlbefinden.<\/p>\n\n<hr class=\"wp-block-separator has-alpha-channel-opacity\"\/>\n\n<h3 class=\"wp-block-heading\">\ud83c\udf34 <strong>Eine herzliche und einladende Atmosph\u00e4re<\/strong><\/h3>\n\n<p>Als familiengef\u00fchrtes Massagestudio sind wir stolz darauf, echte thail\u00e4ndische Gastfreundschaft zu bieten. Vom Moment an, in dem Sie durch unsere T\u00fcren treten, werden Sie von freundlichen, professionell ausgebildeten Masseuren begr\u00fc\u00dft, die sich Ihrem Komfort und Ihrer Zufriedenheit widmen. Unsere G\u00e4ste loben immer wieder unseren sauberen, komfortablen Raum und den aufmerksamen Service:  <\/p>\n\n<blockquote class=\"wp-block-quote is-layout-flow wp-block-quote-is-layout-flow\">\n<p><em>\u201eAlle Massagen waren gro\u00dfartig\u2026 professionell und freundlich. Der Ort ist sauber und komfortabel. Nur zu!\u201c<\/em> \u2013 Zufriedener Gast<\/p>\n\n\n\n<p><em>\u201eIch war schon zweimal hier\u2026 die beste Massage \u00fcberhaupt. Wenn ich l\u00e4nger geblieben w\u00e4re, w\u00e4re ich wieder hingegangen.\u201c<\/em> \u2013 Gl\u00fccklicher Besucher<\/p>\n<\/blockquote>\n\n<hr class=\"wp-block-separator has-alpha-channel-opacity\"\/>\n\n<h3 class=\"wp-block-heading\">\ud83d\udc86 <strong>Erfahrene Massagetherapeuten f\u00fcr jeden Bedarf<\/strong><\/h3>\n\n<p>Unser erfahrenes Team ist darin geschult, eine Reihe von Therapien anzubieten \u2013 von traditioneller Thai-Massage mit festem oder sanftem Druck bis hin zu entspannenden \u00d6lbehandlungen und wohltuender Fu\u00dfmassage. Wir h\u00f6ren auf Ihre Vorlieben und passen jede Sitzung an die Bed\u00fcrfnisse Ihres K\u00f6rpers an. Mit einem guten Ruf f\u00fcr professionellen Service und gute Hygiene erhalten wir immer wieder hoch bewertete Bewertungen von Erstbesuchern und wiederkehrenden G\u00e4sten.  <\/p>\n\n<hr class=\"wp-block-separator has-alpha-channel-opacity\"\/>\n\n<h3 class=\"wp-block-heading\">\ud83e\udd65 <strong>Signatur-Kokosnuss\u00f6l-Massage \u2013 Lokal bezogen und pflegend<\/strong><\/h3>\n\n<p>Eines unserer Markenzeichen ist die <strong>Kokosnuss\u00f6l-Massage<\/strong>, bei der hochwertiges, lokal produziertes Kokosnuss\u00f6l direkt von hier in Koh Samui verwendet wird. Dieses duftende, nat\u00fcrlich pflegende \u00d6l verbessert Ihr Massageerlebnis \u2013 es macht Ihre Haut weich und erfrischt Ihre Sinne. Wenn Sie sich in das \u00d6l verlieben (wie viele G\u00e4ste!), k\u00f6nnen Sie sogar eine Flasche mit nach Hause nehmen!  <\/p>\n\n<hr class=\"wp-block-separator has-alpha-channel-opacity\"\/>\n\n<h3 class=\"wp-block-heading\">\ud83d\udccd <strong>Neuer Standort in der N\u00e4he des Fisherman&#8217;s Village, Bophut<\/strong><\/h3>\n\n<p>Wir sind vor kurzem an einen <strong>neuen und noch besser erreichbaren Standort in Bophut<\/strong> umgezogen, der es Besuchern und Einheimischen einfacher denn je macht, unsere Dienstleistungen in Anspruch zu nehmen. Nur einen kurzen Spaziergang vom gesch\u00e4ftigen Fisherman&#8217;s Village und in der N\u00e4he vieler beliebter Resorts entfernt, ist unser Massagestudio perfekt f\u00fcr Ihren Wellness-Stopp auf Koh Samui gelegen. <\/p>\n\n<hr class=\"wp-block-separator has-alpha-channel-opacity\"\/>\n\n<h3 class=\"wp-block-heading\">\u2b50 <strong>Von Reisenden und Einheimischen gleicherma\u00dfen gesch\u00e4tzt<\/strong><\/h3>\n\n<p>Ihre positiven Erfahrungen sprechen f\u00fcr uns. Von preiswerten Sitzungen \u00fcber aufmerksame Therapeuten bis hin zu einfacher Buchung empfehlen Kunden Be Life Health Massage immer wieder als eine Top-Wahl in Bophut: <\/p>\n\n<blockquote class=\"wp-block-quote is-layout-flow wp-block-quote-is-layout-flow\">\n<p><em>\u201eEinfach zu buchen und gute Masseure.\u201c<\/em> \u2013 K\u00fcrzlicher Gast<\/p>\n\n\n\n<p><em>\u201eAusgezeichnetes Preis-Leistungs-Verh\u00e4ltnis\u2026 sehr nettes Personal. Werde wiederkommen!\u201c<\/em> \u2013 Gl\u00fccklicher Reisender<\/p>\n<\/blockquote>\n\n<hr class=\"wp-block-separator has-alpha-channel-opacity\"\/>\n\n<h3 class=\"wp-block-heading\">\ud83c\udf3f <strong>Was uns auszeichnet<\/strong><\/h3>\n\n<ul class=\"wp-block-list\">\n<li><strong>Erfahrene, freundliche Massagetherapeuten, die in verschiedenen Techniken ausgebildet sind<\/strong><\/li>\n\n\n\n<li><strong>Hohe Standards an Sauberkeit und Komfort in jedem Zimmer<\/strong><\/li>\n\n\n\n<li><strong>Kokosnuss\u00f6l-Massage mit lokal bezogenem Kokosnuss\u00f6l<\/strong><\/li>\n\n\n\n<li><strong>Neuer, g\u00fcnstiger Standort in der N\u00e4he des Fisherman&#8217;s Village, Bophut<\/strong><\/li>\n\n\n\n<li><strong>Einfache Buchung und ausgezeichnetes Preis-Leistungs-Verh\u00e4ltnis<\/strong><\/li>\n<\/ul>\n\n<hr class=\"wp-block-separator has-alpha-channel-opacity\"\/>\n\n<h2 class=\"wp-block-heading\"><strong>Bereit zum Entspannen?<\/strong><\/h2>\n\n<p>Buchen Sie noch heute Ihre perfekte Massage per WhatsApp oder Telefon und entdecken Sie, warum so viele Besucher uns als eines der entspannendsten Massageerlebnisse in Koh Samui bewerten!<\/p>\n\n<div class=\"wp-block-buttons is-content-justification-center is-layout-flex wp-container-core-buttons-is-layout-a89b3969 wp-block-buttons-is-layout-flex\">\n<div class=\"wp-block-button has-custom-width wp-block-button__width-25\"><a class=\"wp-block-button__link wp-element-button\" href=\"https:\/\/wa.me\/+66627240244\" target=\"_blank\" rel=\"noopener\">Jetzt buchen<\/a><\/div>\n<\/div>\n\n<figure class=\"wp-block-gallery has-nested-images columns-default is-cropped wp-block-gallery-1 is-layout-flex wp-block-gallery-is-layout-flex\">\n<figure class=\"wp-block-image size-large\"><img loading=\"lazy\" decoding=\"async\" width=\"1024\" height=\"768\" data-id=\"2089\" src=\"https:\/\/belifehealthmassage.com\/wp-content\/uploads\/2025\/12\/S__47202308_0-1024x768.jpg\" alt=\"\" class=\"wp-image-2089\" srcset=\"https:\/\/belifehealthmassage.com\/wp-content\/uploads\/2025\/12\/S__47202308_0-1024x768.jpg 1024w, https:\/\/belifehealthmassage.com\/wp-content\/uploads\/2025\/12\/S__47202308_0-300x225.jpg 300w, https:\/\/belifehealthmassage.com\/wp-content\/uploads\/2025\/12\/S__47202308_0-768x576.jpg 768w, https:\/\/belifehealthmassage.com\/wp-content\/uploads\/2025\/12\/S__47202308_0.jpg 1477w\" sizes=\"auto, (max-width: 1024px) 100vw, 1024px\" \/><\/figure>\n\n\n\n<figure class=\"wp-block-image size-large\"><img loading=\"lazy\" decoding=\"async\" width=\"1024\" height=\"768\" data-id=\"2088\" src=\"https:\/\/belifehealthmassage.com\/wp-content\/uploads\/2025\/12\/S__47202307_0-1024x768.jpg\" alt=\"\" class=\"wp-image-2088\" srcset=\"https:\/\/belifehealthmassage.com\/wp-content\/uploads\/2025\/12\/S__47202307_0-1024x768.jpg 1024w, https:\/\/belifehealthmassage.com\/wp-content\/uploads\/2025\/12\/S__47202307_0-300x225.jpg 300w, https:\/\/belifehealthmassage.com\/wp-content\/uploads\/2025\/12\/S__47202307_0-768x576.jpg 768w, https:\/\/belifehealthmassage.com\/wp-content\/uploads\/2025\/12\/S__47202307_0.jpg 1477w\" sizes=\"auto, (max-width: 1024px) 100vw, 1024px\" \/><\/figure>\n\n\n\n<figure class=\"wp-block-image size-large\"><img loading=\"lazy\" decoding=\"async\" width=\"1024\" height=\"768\" data-id=\"2087\" src=\"https:\/\/belifehealthmassage.com\/wp-content\/uploads\/2025\/12\/S__47194153_0-1024x768.jpg\" alt=\"\" class=\"wp-image-2087\" srcset=\"https:\/\/belifehealthmassage.com\/wp-content\/uploads\/2025\/12\/S__47194153_0-1024x768.jpg 1024w, https:\/\/belifehealthmassage.com\/wp-content\/uploads\/2025\/12\/S__47194153_0-300x225.jpg 300w, https:\/\/belifehealthmassage.com\/wp-content\/uploads\/2025\/12\/S__47194153_0-768x576.jpg 768w, https:\/\/belifehealthmassage.com\/wp-content\/uploads\/2025\/12\/S__47194153_0.jpg 1477w\" sizes=\"auto, (max-width: 1024px) 100vw, 1024px\" \/><\/figure>\n\n\n\n<figure class=\"wp-block-image size-large\"><img loading=\"lazy\" decoding=\"async\" width=\"1024\" height=\"768\" data-id=\"2085\" src=\"https:\/\/belifehealthmassage.com\/wp-content\/uploads\/2025\/12\/S__47194150_0-1024x768.jpg\" alt=\"\" class=\"wp-image-2085\" srcset=\"https:\/\/belifehealthmassage.com\/wp-content\/uploads\/2025\/12\/S__47194150_0-1024x768.jpg 1024w, https:\/\/belifehealthmassage.com\/wp-content\/uploads\/2025\/12\/S__47194150_0-300x225.jpg 300w, https:\/\/belifehealthmassage.com\/wp-content\/uploads\/2025\/12\/S__47194150_0-768x576.jpg 768w, https:\/\/belifehealthmassage.com\/wp-content\/uploads\/2025\/12\/S__47194150_0.jpg 1477w\" sizes=\"auto, (max-width: 1024px) 100vw, 1024px\" \/><\/figure>\n\n\n\n<figure class=\"wp-block-image size-large\"><img loading=\"lazy\" decoding=\"async\" width=\"768\" height=\"1024\" data-id=\"1911\" src=\"https:\/\/belifehealthmassage.com\/wp-content\/uploads\/2025\/07\/S__33603641_0-768x1024.jpg\" alt=\"\" class=\"wp-image-1911\" srcset=\"https:\/\/belifehealthmassage.com\/wp-content\/uploads\/2025\/07\/S__33603641_0-768x1024.jpg 768w, https:\/\/belifehealthmassage.com\/wp-content\/uploads\/2025\/07\/S__33603641_0-225x300.jpg 225w, https:\/\/belifehealthmassage.com\/wp-content\/uploads\/2025\/07\/S__33603641_0.jpg 1108w\" sizes=\"auto, (max-width: 768px) 100vw, 768px\" \/><\/figure>\n\n\n\n<figure class=\"wp-block-image size-large\"><img loading=\"lazy\" decoding=\"async\" width=\"1024\" height=\"768\" data-id=\"1913\" src=\"https:\/\/belifehealthmassage.com\/wp-content\/uploads\/2025\/07\/S__33603645_0-1024x768.jpg\" alt=\"\" class=\"wp-image-1913\" srcset=\"https:\/\/belifehealthmassage.com\/wp-content\/uploads\/2025\/07\/S__33603645_0-1024x768.jpg 1024w, https:\/\/belifehealthmassage.com\/wp-content\/uploads\/2025\/07\/S__33603645_0-300x225.jpg 300w, https:\/\/belifehealthmassage.com\/wp-content\/uploads\/2025\/07\/S__33603645_0-768x576.jpg 768w, https:\/\/belifehealthmassage.com\/wp-content\/uploads\/2025\/07\/S__33603645_0.jpg 1477w\" sizes=\"auto, (max-width: 1024px) 100vw, 1024px\" \/><\/figure>\n<\/figure>\n","protected":false},"excerpt":{"rendered":"<p>Erleben Sie herrliche Entspannung im Herzen von Bophut Wir von Be Life Health Massage sind davon \u00fcberzeugt, dass jede Massage mehr als nur eine Dienstleistung sein sollte \u2013 sie sollte eine verj\u00fcngende Erfahrung sein, die K\u00f6rper und Geist erneuert. Unser neu er\u00f6ffnetes Massagestudio liegt nur wenige Gehminuten vom Fisherman&#8217;s Village im lebhaften Bophut, Koh Samui [&hellip;]<\/p>\n","protected":false},"author":1,"featured_media":0,"parent":0,"menu_order":0,"comment_status":"closed","ping_status":"closed","template":"","meta":{"_uag_custom_page_level_css":"","site-sidebar-layout":"default","site-content-layout":"","ast-site-content-layout":"default","site-content-style":"default","site-sidebar-style":"default","ast-global-header-display":"","ast-banner-title-visibility":"","ast-main-header-display":"","ast-hfb-above-header-display":"","ast-hfb-below-header-display":"","ast-hfb-mobile-header-display":"","site-post-title":"","ast-breadcrumbs-content":"","ast-featured-img":"","footer-sml-layout":"","ast-disable-related-posts":"","theme-transparent-header-meta":"","adv-header-id-meta":"","stick-header-meta":"","header-above-stick-meta":"","header-main-stick-meta":"","header-below-stick-meta":"","astra-migrate-meta-layouts":"default","ast-page-background-enabled":"default","ast-page-background-meta":{"desktop":{"background-color":"var(--ast-global-color-4)","background-image":"","background-repeat":"repeat","background-position":"center center","background-size":"auto","background-attachment":"scroll","background-type":"","background-media":"","overlay-type":"","overlay-color":"","overlay-opacity":"","overlay-gradient":""},"tablet":{"background-color":"","background-image":"","background-repeat":"repeat","background-position":"center center","background-size":"auto","background-attachment":"scroll","background-type":"","background-media":"","overlay-type":"","overlay-color":"","overlay-opacity":"","overlay-gradient":""},"mobile":{"background-color":"","background-image":"","background-repeat":"repeat","background-position":"center center","background-size":"auto","background-attachment":"scroll","background-type":"","background-media":"","overlay-type":"","overlay-color":"","overlay-opacity":"","overlay-gradient":""}},"ast-content-background-meta":{"desktop":{"background-color":"var(--ast-global-color-5)","background-image":"","background-repeat":"repeat","background-position":"center center","background-size":"auto","background-attachment":"scroll","background-type":"","background-media":"","overlay-type":"","overlay-color":"","overlay-opacity":"","overlay-gradient":""},"tablet":{"background-color":"var(--ast-global-color-5)","background-image":"","background-repeat":"repeat","background-position":"center center","background-size":"auto","background-attachment":"scroll","background-type":"","background-media":"","overlay-type":"","overlay-color":"","overlay-opacity":"","overlay-gradient":""},"mobile":{"background-color":"var(--ast-global-color-5)","background-image":"","background-repeat":"repeat","background-position":"center center","background-size":"auto","background-attachment":"scroll","background-type":"","background-media":"","overlay-type":"","overlay-color":"","overlay-opacity":"","overlay-gradient":""}},"footnotes":""},"class_list":["post-2171","page","type-page","status-publish","hentry"],"uagb_featured_image_src":{"full":false,"thumbnail":false,"medium":false,"medium_large":false,"large":false,"1536x1536":false,"2048x2048":false},"uagb_author_info":{"display_name":"admin","author_link":"https:\/\/belifehealthmassage.com\/de\/author\/admin\/"},"uagb_comment_info":0,"uagb_excerpt":"Erleben Sie herrliche Entspannung im Herzen von Bophut Wir von Be Life Health Massage sind davon \u00fcberzeugt, dass jede Massage mehr als nur eine Dienstleistung sein sollte \u2013 sie sollte eine verj\u00fcngende Erfahrung sein, die K\u00f6rper und Geist erneuert. Unser neu er\u00f6ffnetes Massagestudio liegt nur wenige Gehminuten vom Fisherman&#8217;s Village im lebhaften Bophut, Koh Samui&hellip;","_links":{"self":[{"href":"https:\/\/belifehealthmassage.com\/de\/wp-json\/wp\/v2\/pages\/2171","targetHints":{"allow":["GET"]}}],"collection":[{"href":"https:\/\/belifehealthmassage.com\/de\/wp-json\/wp\/v2\/pages"}],"about":[{"href":"https:\/\/belifehealthmassage.com\/de\/wp-json\/wp\/v2\/types\/page"}],"author":[{"embeddable":true,"href":"https:\/\/belifehealthmassage.com\/de\/wp-json\/wp\/v2\/users\/1"}],"replies":[{"embeddable":true,"href":"https:\/\/belifehealthmassage.com\/de\/wp-json\/wp\/v2\/comments?post=2171"}],"version-history":[{"count":1,"href":"https:\/\/belifehealthmassage.com\/de\/wp-json\/wp\/v2\/pages\/2171\/revisions"}],"predecessor-version":[{"id":2172,"href":"https:\/\/belifehealthmassage.com\/de\/wp-json\/wp\/v2\/pages\/2171\/revisions\/2172"}],"wp:attachment":[{"href":"https:\/\/belifehealthmassage.com\/de\/wp-json\/wp\/v2\/media?parent=2171"}],"curies":[{"name":"wp","href":"https:\/\/api.w.org\/{rel}","templated":true}]}}